{"id":218,"date":"2021-01-02T10:57:15","date_gmt":"2021-01-02T10:57:15","guid":{"rendered":"http:\/\/wp.osteo-cs.com\/?page_id=218"},"modified":"2022-01-04T21:29:45","modified_gmt":"2022-01-04T20:29:45","slug":"osteopathie-fuer-pferde","status":"publish","type":"page","link":"https:\/\/sensinghands.de\/?page_id=218","title":{"rendered":"Osteopathie f\u00fcr Pferde"},"content":{"rendered":"\n<figure class=\"wp-block-image size-large\"><img decoding=\"async\" loading=\"lazy\" width=\"1024\" height=\"793\" src=\"http:\/\/wp.osteo-cs.com\/wp-content\/uploads\/2021\/01\/bild-insta-e1609583453191-1024x793.jpg\" alt=\"\" class=\"wp-image-223\" srcset=\"https:\/\/sensinghands.de\/wp-content\/uploads\/2021\/01\/bild-insta-e1609583453191-1024x793.jpg 1024w, https:\/\/sensinghands.de\/wp-content\/uploads\/2021\/01\/bild-insta-e1609583453191-300x232.jpg 300w, https:\/\/sensinghands.de\/wp-content\/uploads\/2021\/01\/bild-insta-e1609583453191-768x594.jpg 768w, https:\/\/sensinghands.de\/wp-content\/uploads\/2021\/01\/bild-insta-e1609583453191.jpg 1376w\" sizes=\"(max-width: 1024px) 100vw, 1024px\" \/><\/figure>\n\n\n\n<div class=\"wp-block-themeisle-blocks-advanced-columns has-2-columns has-desktop-equal-layout has-tablet-equal-layout has-mobile-collapsedRows-layout has-default-gap has-vertical-unset\" id=\"wp-block-themeisle-blocks-advanced-columns-f2cdabf3\"><div class=\"wp-block-themeisle-blocks-advanced-columns-overlay\"><\/div><div class=\"innerblocks-wrap\">\n<div class=\"wp-block-themeisle-blocks-advanced-column\" id=\"wp-block-themeisle-blocks-advanced-column-692f8d5c\">\n<h2 id=\"wp-block-themeisle-blocks-advanced-heading-581b6a5d\" class=\"wp-block-themeisle-blocks-advanced-heading wp-block-themeisle-blocks-advanced-heading-581b6a5d\">Osteopathie f\u00fcr Pferde<\/h2>\n<\/div>\n\n\n\n<div class=\"wp-block-themeisle-blocks-advanced-column\" id=\"wp-block-themeisle-blocks-advanced-column-829472af\">\n<p>Was kann ich f\u00fcr Dein Pferd und Dich tun?<\/p>\n\n\n\n<p>Die ganzheitlichen Osteopathie hat zur Aufgabe den nat\u00fcrlichen Heilungs- L\u00f6sungs- und Regenerationsprozess im K\u00f6rper anzuregen und somit den verschiedenen Strukturen und Geweben zur gesunden &#8222;normalen&#8220; Funktion zu verhelfen bzw. diese zur\u00fcck zu erlangen.<\/p>\n\n\n\n<p>Hierzu stehen mir als Osteotherapeutin f\u00fcr Pferde, verschiedene manuelle Techniken und Hilfsmittel zur Verf\u00fcgung. Diese werden je nach Befund und Krankheitsbild eingesetzt und angepasst.<\/p>\n\n\n\n<p>Wann ist eine osteotherapeutische Behandlung sinnvoll?<\/p>\n\n\n\n<p>Hier ein paar Beispiele:<\/p>\n\n\n\n<ul><li>Seit l\u00e4ngerer Zeit bestehende Steifigkeit und Widersetzlichkeit gegen Reiterhilfen<\/li><li>Lahmheiten<\/li><li>Probleme beim Beine aufnehmen<\/li><li>Einseitige Schweif und \/ oder Kopfhaltung&nbsp; in Ruhe und im Training<\/li><li>Fehlenden Losgelassenheit<\/li><li>Anzeichen von Schmerz im Bewegungsapparat<\/li><li>Nach einer&nbsp; Erkrankung wenn danach Bewegungseinschr\u00e4nkungen bestehen<\/li><li>Nach langer Stehphase zum Beispiel nach Verletzung<\/li><li>Anzeichen von Leistungsabfall<\/li><li>Nach einem Sturz, um nicht erkannte Ver\u00e4nderung von Strukturen zu behandeln<\/li><li>Wenn es Komplikationen nach dem Abfohlen gab<\/li><li>Taktfehlern in den Gangarten<\/li><li>Pr\u00e4ventiv <\/li><li>Und viele, viele mehr\u2026.<\/li><\/ul>\n\n\n\n<p>Unabdingbar ist die Zusammenarbeit mit dem Tierarzt und dem Hufschmied. <\/p>\n\n\n\n<p>Ich bin in ganz Bayern und Baden W\u00fcrttemberg f\u00fcr Euch unterwegs. <\/p>\n\n\n\n<p>\u00d6sterreich gerne auf Anfrage.<\/p>\n<\/div>\n<\/div><\/div>\n","protected":false},"excerpt":{"rendered":"","protected":false},"author":1,"featured_media":0,"parent":0,"menu_order":0,"comment_status":"closed","ping_status":"closed","template":"page-grid.php","meta":[],"_links":{"self":[{"href":"https:\/\/sensinghands.de\/index.php?rest_route=\/wp\/v2\/pages\/218"}],"collection":[{"href":"https:\/\/sensinghands.de\/index.php?rest_route=\/wp\/v2\/pages"}],"about":[{"href":"https:\/\/sensinghands.de\/index.php?rest_route=\/wp\/v2\/types\/page"}],"author":[{"embeddable":true,"href":"https:\/\/sensinghands.de\/index.php?rest_route=\/wp\/v2\/users\/1"}],"replies":[{"embeddable":true,"href":"https:\/\/sensinghands.de\/index.php?rest_route=%2Fwp%2Fv2%2Fcomments&post=218"}],"version-history":[{"count":13,"href":"https:\/\/sensinghands.de\/index.php?rest_route=\/wp\/v2\/pages\/218\/revisions"}],"predecessor-version":[{"id":379,"href":"https:\/\/sensinghands.de\/index.php?rest_route=\/wp\/v2\/pages\/218\/revisions\/379"}],"wp:attachment":[{"href":"https:\/\/sensinghands.de\/index.php?rest_route=%2Fwp%2Fv2%2Fmedia&parent=218"}],"curies":[{"name":"wp","href":"https:\/\/api.w.org\/{rel}","templated":true}]}}