{"id":326,"date":"2021-02-05T21:41:53","date_gmt":"2021-02-05T20:41:53","guid":{"rendered":"http:\/\/sensinghands.de\/?page_id=326"},"modified":"2021-02-05T23:08:57","modified_gmt":"2021-02-05T22:08:57","slug":"equicrown-kompressionsbandagen","status":"publish","type":"page","link":"https:\/\/sensinghands.de\/?page_id=326","title":{"rendered":"EquiCrown Kompressionsbandagen"},"content":{"rendered":"\n<div class=\"is-layout-flex wp-container-3 wp-block-columns\">\n<div class=\"is-layout-flow wp-block-column\" style=\"flex-basis:50%\">\n<h2 id=\"wp-block-themeisle-blocks-advanced-heading-62b848e6\" class=\"wp-block-themeisle-blocks-advanced-heading wp-block-themeisle-blocks-advanced-heading-62b848e6\">Die Unterst\u00fctzung des Lymphgef\u00e4\u00dfsystems des Pferdes ist ein wesentlicher Baustein in der Pr\u00e4vention und in der Nachbehandlung von Operationen und Verletzungen.<\/h2>\n<\/div>\n\n\n\n<div class=\"is-layout-flow wp-block-column\" style=\"flex-basis:50%\"><\/div>\n<\/div>\n\n\n\n<p>Ich bin eingetragener Partner der Firma EquiCrown, die mit ihren Kompressionsbandagen einen gro\u00dfen Beitrag in der Lymphtherapie bei Pferden leistet. <\/p>\n\n\n\n<p>Bei Fragen rund um das Thema Kompressionsbandagen, Beratung und Verkauf, meldet Euch sehr gerne bei mir.<\/p>\n\n\n\n<p>Wann ist eine Kompressionsbandage sinnvoll?<\/p>\n\n\n\n<ul><li>angelaufene Beine<\/li><li>pr\u00e4ventiv bei langen Stehzeiten<\/li><li>Gallen (nur weiche)<\/li><li>postoperative Schwellungen, zur Unterst\u00fctzung der Wundheilung<\/li><li>posttraumatische Schwellungen, zur Unterst\u00fctzung der Wundheilung<\/li><li>Sehnenentz\u00fcndungen (chronisch) <\/li><li>chronische Phlegmone\/Elephantiasis <\/li><\/ul>\n\n\n\n<p><\/p>\n\n\n\n<figure class=\"wp-block-image size-medium\"><a href=\"https:\/\/www.equicrown.de\/\" target=\"_blank\" rel=\"noopener\"><img decoding=\"async\" loading=\"lazy\" width=\"300\" height=\"130\" src=\"https:\/\/sensinghands.de\/wp-content\/uploads\/2021\/01\/Logo_EquiCrown_RGB_frei-300x130.png\" alt=\"\" class=\"wp-image-286\" srcset=\"https:\/\/sensinghands.de\/wp-content\/uploads\/2021\/01\/Logo_EquiCrown_RGB_frei-300x130.png 300w, https:\/\/sensinghands.de\/wp-content\/uploads\/2021\/01\/Logo_EquiCrown_RGB_frei-1024x442.png 1024w, https:\/\/sensinghands.de\/wp-content\/uploads\/2021\/01\/Logo_EquiCrown_RGB_frei-768x332.png 768w, https:\/\/sensinghands.de\/wp-content\/uploads\/2021\/01\/Logo_EquiCrown_RGB_frei-1536x663.png 1536w, https:\/\/sensinghands.de\/wp-content\/uploads\/2021\/01\/Logo_EquiCrown_RGB_frei-2048x884.png 2048w\" sizes=\"(max-width: 300px) 100vw, 300px\" \/><\/a><\/figure>\n","protected":false},"excerpt":{"rendered":"<p>Ich bin eingetragener Partner der Firma EquiCrown, die mit ihren Kompressionsbandagen einen gro\u00dfen Beitrag in der Lymphtherapie bei Pferden leistet. Bei Fragen rund um das Thema Kompressionsbandagen, Beratung und Verkauf, meldet Euch sehr gerne bei mir. Wann ist eine Kompressionsbandage sinnvoll? angelaufene Beine pr\u00e4ventiv bei langen Stehzeiten Gallen (nur weiche) postoperative Schwellungen, zur Unterst\u00fctzung der [&hellip;]<\/p>\n","protected":false},"author":1,"featured_media":0,"parent":0,"menu_order":0,"comment_status":"closed","ping_status":"closed","template":"","meta":[],"_links":{"self":[{"href":"https:\/\/sensinghands.de\/index.php?rest_route=\/wp\/v2\/pages\/326"}],"collection":[{"href":"https:\/\/sensinghands.de\/index.php?rest_route=\/wp\/v2\/pages"}],"about":[{"href":"https:\/\/sensinghands.de\/index.php?rest_route=\/wp\/v2\/types\/page"}],"author":[{"embeddable":true,"href":"https:\/\/sensinghands.de\/index.php?rest_route=\/wp\/v2\/users\/1"}],"replies":[{"embeddable":true,"href":"https:\/\/sensinghands.de\/index.php?rest_route=%2Fwp%2Fv2%2Fcomments&post=326"}],"version-history":[{"count":6,"href":"https:\/\/sensinghands.de\/index.php?rest_route=\/wp\/v2\/pages\/326\/revisions"}],"predecessor-version":[{"id":344,"href":"https:\/\/sensinghands.de\/index.php?rest_route=\/wp\/v2\/pages\/326\/revisions\/344"}],"wp:attachment":[{"href":"https:\/\/sensinghands.de\/index.php?rest_route=%2Fwp%2Fv2%2Fmedia&parent=326"}],"curies":[{"name":"wp","href":"https:\/\/api.w.org\/{rel}","templated":true}]}}